{"id":14916,"date":"2022-03-16T07:47:47","date_gmt":"2022-03-16T07:47:47","guid":{"rendered":"https:\/\/picotango.com\/product\/muda-fraldas\/"},"modified":"2025-06-29T19:04:55","modified_gmt":"2025-06-29T19:04:55","slug":"muda-fraldas","status":"publish","type":"product","link":"https:\/\/picotango.com\/pt-pt\/produto\/muda-fraldas\/","title":{"rendered":"Muda fraldas"},"content":{"rendered":"<p>Este muda-fraldas port\u00e1til \u00e9 um acess\u00f3rio essencial para qualquer pai. Luxuosamente macio e dur\u00e1vel, com obras de arte de designer pintadas \u00e0 m\u00e3o. Dobra-se facilmente para caber num saco de fraldas.<\/p>\n<ul>\n<li>Produzido eticamente em Portugal.<\/li>\n<li><span class=\"tencel-hangtag\">TENCEL\u2122<\/span> ultra macio e hipoalerg\u00e9nico em contacto com a pele do beb\u00e9<\/li>\n<li>Al\u00e7a de pendurar, pr\u00e1tico para passeios no carrinho de beb\u00e9.<\/li>\n<li>Almofada de espuma com mem\u00f3ria para um conforto superior<\/li>\n<li>Camada exterior resistente \u00e0 \u00e1gua feita com pl\u00e1stico marinho reciclado <sup>SEAQUAL\u00ae<\/sup><\/li>\n<li>Desenhos \u00fanicos de aguarelas pintadas \u00e0 m\u00e3o.<\/li>\n<li>T\u00eaxteis certificados pela OEKO-TEX\u00ae e Global Recycle Standard.<\/li>\n<\/ul>\n","protected":false},"excerpt":{"rendered":"<p>Um acess\u00f3rio essencial para qualquer cuidador. Luxuosamente macio, com desenhos pintadas \u00e0 m\u00e3o. Facilmente dobrado para caber nos sacos e mochilas do beb\u00e9.<\/p>\n","protected":false},"featured_media":226280,"comment_status":"open","ping_status":"closed","template":"","meta":{"_et_pb_use_builder":"off","_et_pb_old_content":"<p>Este muda-fraldas port\u00e1til \u00e9 um acess\u00f3rio essencial para qualquer pai. Luxuosamente macio e dur\u00e1vel, com obras de arte de designer pintadas \u00e0 m\u00e3o. Dobra-se facilmente para caber num saco de fraldas.<\/p><ul><li>Produzido eticamente em Portugal.<\/li><li><span class=\"tencel-hangtag\">TENCEL\u2122<\/span> ultra macio e hipoalerg\u00e9nico em contacto com a pele do beb\u00e9<\/li><li>Al\u00e7a de pendurar, pr\u00e1tico para passeios no carrinho de beb\u00e9.<\/li><li>Almofada de espuma com mem\u00f3ria para um conforto superior<\/li><li>Camada exterior resistente \u00e0 \u00e1gua feita com pl\u00e1stico marinho reciclado <sup>SEAQUAL\u00ae<\/sup><\/li><li>Desenhos \u00fanicos de aguarelas pintadas \u00e0 m\u00e3o.<\/li><li>T\u00eaxteis certificados pela OEKO-TEX\u00ae e Global Recycle Standard.<\/li><\/ul>","_et_gb_content_width":""},"product_brand":[],"product_cat":[88],"product_tag":[],"class_list":{"0":"post-14916","1":"product","2":"type-product","3":"status-publish","4":"has-post-thumbnail","6":"product_cat-acessorios","8":"first","9":"instock","10":"taxable","11":"shipping-taxable","12":"purchasable","13":"product-type-variable","14":"has-default-attributes"},"exclude_global_add_ons":[],"addons":[],"yoast_head":"<!-- This site is optimized with the Yoast SEO plugin v27.3 - https:\/\/yoast.com\/product\/yoast-seo-wordpress\/ -->\n<title>Muda fraldas | Pico Tango<\/title>\n<meta name=\"description\" content=\"O nosso tapete muda-fraldas tem uma almofada almofadada, liocel TENCEL\u2122 macio e pl\u00e1stico marinho reciclado SEAQUAL\u00ae proveniente das costas atl\u00e2ntica e mediterr\u00e2nica.\" \/>\n<meta name=\"robots\" content=\"index, follow, max-snippet:-1, max-image-preview:large, max-video-preview:-1\" \/>\n<link rel=\"canonical\" href=\"https:\/\/picotango.com\/pt-pt\/produto\/muda-fraldas\/\" \/>\n<meta property=\"og:locale\" content=\"pt_PT\" \/>\n<meta property=\"og:type\" content=\"article\" \/>\n<meta property=\"og:title\" content=\"Muda fraldas | Pico Tango\" \/>\n<meta property=\"og:description\" content=\"O nosso tapete muda-fraldas tem uma almofada almofadada, liocel TENCEL\u2122 macio e pl\u00e1stico marinho reciclado SEAQUAL\u00ae proveniente das costas atl\u00e2ntica e mediterr\u00e2nica.\" \/>\n<meta property=\"og:url\" content=\"https:\/\/picotango.com\/pt-pt\/produto\/muda-fraldas\/\" \/>\n<meta property=\"og:site_name\" content=\"Pico Tango\" \/>\n<meta property=\"article:publisher\" content=\"https:\/\/facebook.com\/picotango1\" \/>\n<meta property=\"article:modified_time\" content=\"2025-06-29T19:04:55+00:00\" \/>\n<meta property=\"og:image\" content=\"https:\/\/picotango.com\/wp-content\/uploads\/2022\/04\/IMG_2411-scaled-e1652116196774.jpg\" \/>\n\t<meta property=\"og:image:width\" content=\"1708\" \/>\n\t<meta property=\"og:image:height\" content=\"1707\" \/>\n\t<meta property=\"og:image:type\" content=\"image\/jpeg\" \/>\n<meta name=\"twitter:card\" content=\"summary_large_image\" \/>\n<script type=\"application\/ld+json\" class=\"yoast-schema-graph\">{\"@context\":\"https:\\\/\\\/schema.org\",\"@graph\":[{\"@type\":\"WebPage\",\"@id\":\"https:\\\/\\\/picotango.com\\\/pt-pt\\\/produto\\\/muda-fraldas\\\/\",\"url\":\"https:\\\/\\\/picotango.com\\\/pt-pt\\\/produto\\\/muda-fraldas\\\/\",\"name\":\"Muda fraldas | Pico Tango\",\"isPartOf\":{\"@id\":\"https:\\\/\\\/picotango.com\\\/pt-pt\\\/#website\"},\"primaryImageOfPage\":{\"@id\":\"https:\\\/\\\/picotango.com\\\/pt-pt\\\/produto\\\/muda-fraldas\\\/#primaryimage\"},\"image\":{\"@id\":\"https:\\\/\\\/picotango.com\\\/pt-pt\\\/produto\\\/muda-fraldas\\\/#primaryimage\"},\"thumbnailUrl\":\"https:\\\/\\\/picotango.com\\\/wp-content\\\/uploads\\\/2022\\\/04\\\/IMG_2411-scaled-e1652116196774.jpg\",\"datePublished\":\"2022-03-16T07:47:47+00:00\",\"dateModified\":\"2025-06-29T19:04:55+00:00\",\"description\":\"O nosso tapete muda-fraldas tem uma almofada almofadada, liocel TENCEL\u2122 macio e pl\u00e1stico marinho reciclado SEAQUAL\u00ae proveniente das costas atl\u00e2ntica e mediterr\u00e2nica.\",\"breadcrumb\":{\"@id\":\"https:\\\/\\\/picotango.com\\\/pt-pt\\\/produto\\\/muda-fraldas\\\/#breadcrumb\"},\"inLanguage\":\"pt-PT\",\"potentialAction\":[{\"@type\":\"ReadAction\",\"target\":[\"https:\\\/\\\/picotango.com\\\/pt-pt\\\/produto\\\/muda-fraldas\\\/\"]}]},{\"@type\":\"ImageObject\",\"inLanguage\":\"pt-PT\",\"@id\":\"https:\\\/\\\/picotango.com\\\/pt-pt\\\/produto\\\/muda-fraldas\\\/#primaryimage\",\"url\":\"https:\\\/\\\/picotango.com\\\/wp-content\\\/uploads\\\/2022\\\/04\\\/IMG_2411-scaled-e1652116196774.jpg\",\"contentUrl\":\"https:\\\/\\\/picotango.com\\\/wp-content\\\/uploads\\\/2022\\\/04\\\/IMG_2411-scaled-e1652116196774.jpg\",\"width\":1708,\"height\":1707,\"caption\":\"Changing mat in Algae\"},{\"@type\":\"BreadcrumbList\",\"@id\":\"https:\\\/\\\/picotango.com\\\/pt-pt\\\/produto\\\/muda-fraldas\\\/#breadcrumb\",\"itemListElement\":[{\"@type\":\"ListItem\",\"position\":1,\"name\":\"Home\",\"item\":\"https:\\\/\\\/picotango.com\\\/pt-pt\\\/home\\\/\"},{\"@type\":\"ListItem\",\"position\":2,\"name\":\"Loja\",\"item\":\"https:\\\/\\\/picotango.com\\\/pt-pt\\\/loja\\\/\"},{\"@type\":\"ListItem\",\"position\":3,\"name\":\"Muda fraldas\"}]},{\"@type\":\"WebSite\",\"@id\":\"https:\\\/\\\/picotango.com\\\/pt-pt\\\/#website\",\"url\":\"https:\\\/\\\/picotango.com\\\/pt-pt\\\/\",\"name\":\"Pico Tango\",\"description\":\"Time to change\",\"publisher\":{\"@id\":\"https:\\\/\\\/picotango.com\\\/pt-pt\\\/#organization\"},\"potentialAction\":[{\"@type\":\"SearchAction\",\"target\":{\"@type\":\"EntryPoint\",\"urlTemplate\":\"https:\\\/\\\/picotango.com\\\/pt-pt\\\/?s={search_term_string}\"},\"query-input\":{\"@type\":\"PropertyValueSpecification\",\"valueRequired\":true,\"valueName\":\"search_term_string\"}}],\"inLanguage\":\"pt-PT\"},{\"@type\":\"Organization\",\"@id\":\"https:\\\/\\\/picotango.com\\\/pt-pt\\\/#organization\",\"name\":\"Pico Tango\",\"url\":\"https:\\\/\\\/picotango.com\\\/pt-pt\\\/\",\"logo\":{\"@type\":\"ImageObject\",\"inLanguage\":\"pt-PT\",\"@id\":\"https:\\\/\\\/picotango.com\\\/pt-pt\\\/#\\\/schema\\\/logo\\\/image\\\/\",\"url\":\"https:\\\/\\\/picotango.com\\\/wp-content\\\/uploads\\\/2022\\\/03\\\/picotango-new-1.png\",\"contentUrl\":\"https:\\\/\\\/picotango.com\\\/wp-content\\\/uploads\\\/2022\\\/03\\\/picotango-new-1.png\",\"width\":171,\"height\":70,\"caption\":\"Pico Tango\"},\"image\":{\"@id\":\"https:\\\/\\\/picotango.com\\\/pt-pt\\\/#\\\/schema\\\/logo\\\/image\\\/\"},\"sameAs\":[\"https:\\\/\\\/facebook.com\\\/picotango1\",\"https:\\\/\\\/instagram.com\\\/picotango\"]}]}<\/script>\n<!-- \/ Yoast SEO plugin. -->","yoast_head_json":{"title":"Muda fraldas | Pico Tango","description":"O nosso tapete muda-fraldas tem uma almofada almofadada, liocel TENCEL\u2122 macio e pl\u00e1stico marinho reciclado SEAQUAL\u00ae proveniente das costas atl\u00e2ntica e mediterr\u00e2nica.","robots":{"index":"index","follow":"follow","max-snippet":"max-snippet:-1","max-image-preview":"max-image-preview:large","max-video-preview":"max-video-preview:-1"},"canonical":"https:\/\/picotango.com\/pt-pt\/produto\/muda-fraldas\/","og_locale":"pt_PT","og_type":"article","og_title":"Muda fraldas | Pico Tango","og_description":"O nosso tapete muda-fraldas tem uma almofada almofadada, liocel TENCEL\u2122 macio e pl\u00e1stico marinho reciclado SEAQUAL\u00ae proveniente das costas atl\u00e2ntica e mediterr\u00e2nica.","og_url":"https:\/\/picotango.com\/pt-pt\/produto\/muda-fraldas\/","og_site_name":"Pico Tango","article_publisher":"https:\/\/facebook.com\/picotango1","article_modified_time":"2025-06-29T19:04:55+00:00","og_image":[{"width":1708,"height":1707,"url":"https:\/\/picotango.com\/wp-content\/uploads\/2022\/04\/IMG_2411-scaled-e1652116196774.jpg","type":"image\/jpeg"}],"twitter_card":"summary_large_image","schema":{"@context":"https:\/\/schema.org","@graph":[{"@type":"WebPage","@id":"https:\/\/picotango.com\/pt-pt\/produto\/muda-fraldas\/","url":"https:\/\/picotango.com\/pt-pt\/produto\/muda-fraldas\/","name":"Muda fraldas | Pico Tango","isPartOf":{"@id":"https:\/\/picotango.com\/pt-pt\/#website"},"primaryImageOfPage":{"@id":"https:\/\/picotango.com\/pt-pt\/produto\/muda-fraldas\/#primaryimage"},"image":{"@id":"https:\/\/picotango.com\/pt-pt\/produto\/muda-fraldas\/#primaryimage"},"thumbnailUrl":"https:\/\/picotango.com\/wp-content\/uploads\/2022\/04\/IMG_2411-scaled-e1652116196774.jpg","datePublished":"2022-03-16T07:47:47+00:00","dateModified":"2025-06-29T19:04:55+00:00","description":"O nosso tapete muda-fraldas tem uma almofada almofadada, liocel TENCEL\u2122 macio e pl\u00e1stico marinho reciclado SEAQUAL\u00ae proveniente das costas atl\u00e2ntica e mediterr\u00e2nica.","breadcrumb":{"@id":"https:\/\/picotango.com\/pt-pt\/produto\/muda-fraldas\/#breadcrumb"},"inLanguage":"pt-PT","potentialAction":[{"@type":"ReadAction","target":["https:\/\/picotango.com\/pt-pt\/produto\/muda-fraldas\/"]}]},{"@type":"ImageObject","inLanguage":"pt-PT","@id":"https:\/\/picotango.com\/pt-pt\/produto\/muda-fraldas\/#primaryimage","url":"https:\/\/picotango.com\/wp-content\/uploads\/2022\/04\/IMG_2411-scaled-e1652116196774.jpg","contentUrl":"https:\/\/picotango.com\/wp-content\/uploads\/2022\/04\/IMG_2411-scaled-e1652116196774.jpg","width":1708,"height":1707,"caption":"Changing mat in Algae"},{"@type":"BreadcrumbList","@id":"https:\/\/picotango.com\/pt-pt\/produto\/muda-fraldas\/#breadcrumb","itemListElement":[{"@type":"ListItem","position":1,"name":"Home","item":"https:\/\/picotango.com\/pt-pt\/home\/"},{"@type":"ListItem","position":2,"name":"Loja","item":"https:\/\/picotango.com\/pt-pt\/loja\/"},{"@type":"ListItem","position":3,"name":"Muda fraldas"}]},{"@type":"WebSite","@id":"https:\/\/picotango.com\/pt-pt\/#website","url":"https:\/\/picotango.com\/pt-pt\/","name":"Pico Tango","description":"Time to change","publisher":{"@id":"https:\/\/picotango.com\/pt-pt\/#organization"},"potentialAction":[{"@type":"SearchAction","target":{"@type":"EntryPoint","urlTemplate":"https:\/\/picotango.com\/pt-pt\/?s={search_term_string}"},"query-input":{"@type":"PropertyValueSpecification","valueRequired":true,"valueName":"search_term_string"}}],"inLanguage":"pt-PT"},{"@type":"Organization","@id":"https:\/\/picotango.com\/pt-pt\/#organization","name":"Pico Tango","url":"https:\/\/picotango.com\/pt-pt\/","logo":{"@type":"ImageObject","inLanguage":"pt-PT","@id":"https:\/\/picotango.com\/pt-pt\/#\/schema\/logo\/image\/","url":"https:\/\/picotango.com\/wp-content\/uploads\/2022\/03\/picotango-new-1.png","contentUrl":"https:\/\/picotango.com\/wp-content\/uploads\/2022\/03\/picotango-new-1.png","width":171,"height":70,"caption":"Pico Tango"},"image":{"@id":"https:\/\/picotango.com\/pt-pt\/#\/schema\/logo\/image\/"},"sameAs":["https:\/\/facebook.com\/picotango1","https:\/\/instagram.com\/picotango"]}]}},"_links":{"self":[{"href":"https:\/\/picotango.com\/pt-pt\/wp-json\/wp\/v2\/product\/14916","targetHints":{"allow":["GET"]}}],"collection":[{"href":"https:\/\/picotango.com\/pt-pt\/wp-json\/wp\/v2\/product"}],"about":[{"href":"https:\/\/picotango.com\/pt-pt\/wp-json\/wp\/v2\/types\/product"}],"replies":[{"embeddable":true,"href":"https:\/\/picotango.com\/pt-pt\/wp-json\/wp\/v2\/comments?post=14916"}],"wp:featuredmedia":[{"embeddable":true,"href":"https:\/\/picotango.com\/pt-pt\/wp-json\/wp\/v2\/media\/226280"}],"wp:attachment":[{"href":"https:\/\/picotango.com\/pt-pt\/wp-json\/wp\/v2\/media?parent=14916"}],"wp:term":[{"taxonomy":"product_brand","embeddable":true,"href":"https:\/\/picotango.com\/pt-pt\/wp-json\/wp\/v2\/product_brand?post=14916"},{"taxonomy":"product_cat","embeddable":true,"href":"https:\/\/picotango.com\/pt-pt\/wp-json\/wp\/v2\/product_cat?post=14916"},{"taxonomy":"product_tag","embeddable":true,"href":"https:\/\/picotango.com\/pt-pt\/wp-json\/wp\/v2\/product_tag?post=14916"}],"curies":[{"name":"wp","href":"https:\/\/api.w.org\/{rel}","templated":true}]}}